{"id":1058,"date":"2024-06-13T22:49:37","date_gmt":"2024-06-13T20:49:37","guid":{"rendered":"http:\/\/lxkduhl.cluster030.hosting.ovh.net\/?post_type=product&#038;p=1058"},"modified":"2024-06-14T09:44:50","modified_gmt":"2024-06-14T07:44:50","slug":"sweat-a-capuche-adulte-cw6894-463","status":"publish","type":"product","link":"https:\/\/olympiquesaumur.fr\/index.php\/produit\/sweat-a-capuche-adulte-cw6894-463\/","title":{"rendered":"Sweat \u00e0 capuche Adulte CW6894 &#8211; 463"},"content":{"rendered":"","protected":false},"excerpt":{"rendered":"<p>Sweat Nike \u00e0 capuche avec logo du club cot\u00e9 c\u0153ur<\/p>\n","protected":false},"featured_media":1071,"template":"","meta":{"om_disable_all_campaigns":false,"_monsterinsights_skip_tracking":false,"_monsterinsights_sitenote_active":false,"_monsterinsights_sitenote_note":"","_monsterinsights_sitenote_category":0,"_kadence_starter_templates_imported_post":false,"_kad_post_transparent":"default","_kad_post_title":"","_kad_post_layout":"default","_kad_post_sidebar_id":"","_kad_post_content_style":"default","_kad_post_vertical_padding":"default","_kad_post_feature":"","_kad_post_feature_position":"","_kad_post_header":false,"_kad_post_footer":false},"product_cat":[24],"product_tag":[],"class_list":{"0":"post-1058","1":"product","2":"type-product","3":"status-publish","4":"has-post-thumbnail","6":"product_cat-adulte","8":"first","9":"instock","10":"shipping-taxable","11":"purchasable","12":"product-type-variable","13":"has-default-attributes","14":"entry","15":"content-bg","16":"loop-entry"},"yoast_head":"<!-- This site is optimized with the Yoast SEO plugin v22.2 - https:\/\/yoast.com\/wordpress\/plugins\/seo\/ -->\n<title>Sweat \u00e0 capuche Adulte CW6894 - 463 - Olympique Saumur<\/title>\n<meta name=\"robots\" content=\"index, follow, max-snippet:-1, max-image-preview:large, max-video-preview:-1\" \/>\n<link rel=\"canonical\" href=\"https:\/\/olympiquesaumur.fr\/index.php\/produit\/sweat-a-capuche-adulte-cw6894-463\/\" \/>\n<meta property=\"og:locale\" content=\"fr_FR\" \/>\n<meta property=\"og:type\" content=\"article\" \/>\n<meta property=\"og:title\" content=\"Sweat \u00e0 capuche Adulte CW6894 - 463 - Olympique Saumur\" \/>\n<meta property=\"og:description\" content=\"Sweat Nike \u00e0 capuche avec logo du club cot\u00e9 c\u0153ur\" \/>\n<meta property=\"og:url\" content=\"https:\/\/olympiquesaumur.fr\/index.php\/produit\/sweat-a-capuche-adulte-cw6894-463\/\" \/>\n<meta property=\"og:site_name\" content=\"Olympique Saumur\" \/>\n<meta property=\"article:modified_time\" content=\"2024-06-14T07:44:50+00:00\" \/>\n<meta property=\"og:image\" content=\"https:\/\/olympiquesaumur.fr\/wp-content\/uploads\/2024\/06\/sweat_capuche.png\" \/>\n\t<meta property=\"og:image:width\" content=\"338\" \/>\n\t<meta property=\"og:image:height\" content=\"339\" \/>\n\t<meta property=\"og:image:type\" content=\"image\/png\" \/>\n<meta name=\"twitter:card\" content=\"summary_large_image\" \/>\n<meta name=\"twitter:label1\" content=\"Dur\u00e9e de lecture estim\u00e9e\" \/>\n\t<meta name=\"twitter:data1\" content=\"1 minute\" \/>\n<script type=\"application\/ld+json\" class=\"yoast-schema-graph\">{\"@context\":\"https:\/\/schema.org\",\"@graph\":[{\"@type\":\"WebPage\",\"@id\":\"https:\/\/olympiquesaumur.fr\/index.php\/produit\/sweat-a-capuche-adulte-cw6894-463\/\",\"url\":\"https:\/\/olympiquesaumur.fr\/index.php\/produit\/sweat-a-capuche-adulte-cw6894-463\/\",\"name\":\"Sweat \u00e0 capuche Adulte CW6894 - 463 - Olympique Saumur\",\"isPartOf\":{\"@id\":\"https:\/\/olympiquesaumur.fr\/#website\"},\"primaryImageOfPage\":{\"@id\":\"https:\/\/olympiquesaumur.fr\/index.php\/produit\/sweat-a-capuche-adulte-cw6894-463\/#primaryimage\"},\"image\":{\"@id\":\"https:\/\/olympiquesaumur.fr\/index.php\/produit\/sweat-a-capuche-adulte-cw6894-463\/#primaryimage\"},\"thumbnailUrl\":\"https:\/\/olympiquesaumur.fr\/wp-content\/uploads\/2024\/06\/sweat_capuche.png\",\"datePublished\":\"2024-06-13T20:49:37+00:00\",\"dateModified\":\"2024-06-14T07:44:50+00:00\",\"breadcrumb\":{\"@id\":\"https:\/\/olympiquesaumur.fr\/index.php\/produit\/sweat-a-capuche-adulte-cw6894-463\/#breadcrumb\"},\"inLanguage\":\"fr-FR\",\"potentialAction\":[{\"@type\":\"ReadAction\",\"target\":[\"https:\/\/olympiquesaumur.fr\/index.php\/produit\/sweat-a-capuche-adulte-cw6894-463\/\"]}]},{\"@type\":\"ImageObject\",\"inLanguage\":\"fr-FR\",\"@id\":\"https:\/\/olympiquesaumur.fr\/index.php\/produit\/sweat-a-capuche-adulte-cw6894-463\/#primaryimage\",\"url\":\"https:\/\/olympiquesaumur.fr\/wp-content\/uploads\/2024\/06\/sweat_capuche.png\",\"contentUrl\":\"https:\/\/olympiquesaumur.fr\/wp-content\/uploads\/2024\/06\/sweat_capuche.png\",\"width\":338,\"height\":339},{\"@type\":\"BreadcrumbList\",\"@id\":\"https:\/\/olympiquesaumur.fr\/index.php\/produit\/sweat-a-capuche-adulte-cw6894-463\/#breadcrumb\",\"itemListElement\":[{\"@type\":\"ListItem\",\"position\":1,\"name\":\"Accueil\",\"item\":\"https:\/\/olympiquesaumur.fr\/\"},{\"@type\":\"ListItem\",\"position\":2,\"name\":\"BOUTIQUE\",\"item\":\"https:\/\/olympiquesaumur.fr\/index.php\/boutique\/\"},{\"@type\":\"ListItem\",\"position\":3,\"name\":\"Sweat \u00e0 capuche Adulte CW6894 &#8211; 463\"}]},{\"@type\":\"WebSite\",\"@id\":\"https:\/\/olympiquesaumur.fr\/#website\",\"url\":\"https:\/\/olympiquesaumur.fr\/\",\"name\":\"Olympique Saumur Football Club\",\"description\":\"#PARCEQUESAUMUR\",\"publisher\":{\"@id\":\"https:\/\/olympiquesaumur.fr\/#organization\"},\"alternateName\":\"OSFC\",\"potentialAction\":[{\"@type\":\"SearchAction\",\"target\":{\"@type\":\"EntryPoint\",\"urlTemplate\":\"https:\/\/olympiquesaumur.fr\/?s={search_term_string}\"},\"query-input\":\"required name=search_term_string\"}],\"inLanguage\":\"fr-FR\"},{\"@type\":\"Organization\",\"@id\":\"https:\/\/olympiquesaumur.fr\/#organization\",\"name\":\"Olympique Saumur Football Club\",\"alternateName\":\"OSFC\",\"url\":\"https:\/\/olympiquesaumur.fr\/\",\"logo\":{\"@type\":\"ImageObject\",\"inLanguage\":\"fr-FR\",\"@id\":\"https:\/\/olympiquesaumur.fr\/#\/schema\/logo\/image\/\",\"url\":\"https:\/\/olympiquesaumur.fr\/wp-content\/uploads\/2024\/03\/Logo_Olympique_Saumur.svg_.png\",\"contentUrl\":\"https:\/\/olympiquesaumur.fr\/wp-content\/uploads\/2024\/03\/Logo_Olympique_Saumur.svg_.png\",\"width\":1200,\"height\":1437,\"caption\":\"Olympique Saumur Football Club\"},\"image\":{\"@id\":\"https:\/\/olympiquesaumur.fr\/#\/schema\/logo\/image\/\"}}]}<\/script>\n<!-- \/ Yoast SEO plugin. -->","yoast_head_json":{"title":"Sweat \u00e0 capuche Adulte CW6894 - 463 - Olympique Saumur","robots":{"index":"index","follow":"follow","max-snippet":"max-snippet:-1","max-image-preview":"max-image-preview:large","max-video-preview":"max-video-preview:-1"},"canonical":"https:\/\/olympiquesaumur.fr\/index.php\/produit\/sweat-a-capuche-adulte-cw6894-463\/","og_locale":"fr_FR","og_type":"article","og_title":"Sweat \u00e0 capuche Adulte CW6894 - 463 - Olympique Saumur","og_description":"Sweat Nike \u00e0 capuche avec logo du club cot\u00e9 c\u0153ur","og_url":"https:\/\/olympiquesaumur.fr\/index.php\/produit\/sweat-a-capuche-adulte-cw6894-463\/","og_site_name":"Olympique Saumur","article_modified_time":"2024-06-14T07:44:50+00:00","og_image":[{"width":338,"height":339,"url":"https:\/\/olympiquesaumur.fr\/wp-content\/uploads\/2024\/06\/sweat_capuche.png","type":"image\/png"}],"twitter_card":"summary_large_image","twitter_misc":{"Dur\u00e9e de lecture estim\u00e9e":"1 minute"},"schema":{"@context":"https:\/\/schema.org","@graph":[{"@type":"WebPage","@id":"https:\/\/olympiquesaumur.fr\/index.php\/produit\/sweat-a-capuche-adulte-cw6894-463\/","url":"https:\/\/olympiquesaumur.fr\/index.php\/produit\/sweat-a-capuche-adulte-cw6894-463\/","name":"Sweat \u00e0 capuche Adulte CW6894 - 463 - Olympique Saumur","isPartOf":{"@id":"https:\/\/olympiquesaumur.fr\/#website"},"primaryImageOfPage":{"@id":"https:\/\/olympiquesaumur.fr\/index.php\/produit\/sweat-a-capuche-adulte-cw6894-463\/#primaryimage"},"image":{"@id":"https:\/\/olympiquesaumur.fr\/index.php\/produit\/sweat-a-capuche-adulte-cw6894-463\/#primaryimage"},"thumbnailUrl":"https:\/\/olympiquesaumur.fr\/wp-content\/uploads\/2024\/06\/sweat_capuche.png","datePublished":"2024-06-13T20:49:37+00:00","dateModified":"2024-06-14T07:44:50+00:00","breadcrumb":{"@id":"https:\/\/olympiquesaumur.fr\/index.php\/produit\/sweat-a-capuche-adulte-cw6894-463\/#breadcrumb"},"inLanguage":"fr-FR","potentialAction":[{"@type":"ReadAction","target":["https:\/\/olympiquesaumur.fr\/index.php\/produit\/sweat-a-capuche-adulte-cw6894-463\/"]}]},{"@type":"ImageObject","inLanguage":"fr-FR","@id":"https:\/\/olympiquesaumur.fr\/index.php\/produit\/sweat-a-capuche-adulte-cw6894-463\/#primaryimage","url":"https:\/\/olympiquesaumur.fr\/wp-content\/uploads\/2024\/06\/sweat_capuche.png","contentUrl":"https:\/\/olympiquesaumur.fr\/wp-content\/uploads\/2024\/06\/sweat_capuche.png","width":338,"height":339},{"@type":"BreadcrumbList","@id":"https:\/\/olympiquesaumur.fr\/index.php\/produit\/sweat-a-capuche-adulte-cw6894-463\/#breadcrumb","itemListElement":[{"@type":"ListItem","position":1,"name":"Accueil","item":"https:\/\/olympiquesaumur.fr\/"},{"@type":"ListItem","position":2,"name":"BOUTIQUE","item":"https:\/\/olympiquesaumur.fr\/index.php\/boutique\/"},{"@type":"ListItem","position":3,"name":"Sweat \u00e0 capuche Adulte CW6894 &#8211; 463"}]},{"@type":"WebSite","@id":"https:\/\/olympiquesaumur.fr\/#website","url":"https:\/\/olympiquesaumur.fr\/","name":"Olympique Saumur Football Club","description":"#PARCEQUESAUMUR","publisher":{"@id":"https:\/\/olympiquesaumur.fr\/#organization"},"alternateName":"OSFC","potentialAction":[{"@type":"SearchAction","target":{"@type":"EntryPoint","urlTemplate":"https:\/\/olympiquesaumur.fr\/?s={search_term_string}"},"query-input":"required name=search_term_string"}],"inLanguage":"fr-FR"},{"@type":"Organization","@id":"https:\/\/olympiquesaumur.fr\/#organization","name":"Olympique Saumur Football Club","alternateName":"OSFC","url":"https:\/\/olympiquesaumur.fr\/","logo":{"@type":"ImageObject","inLanguage":"fr-FR","@id":"https:\/\/olympiquesaumur.fr\/#\/schema\/logo\/image\/","url":"https:\/\/olympiquesaumur.fr\/wp-content\/uploads\/2024\/03\/Logo_Olympique_Saumur.svg_.png","contentUrl":"https:\/\/olympiquesaumur.fr\/wp-content\/uploads\/2024\/03\/Logo_Olympique_Saumur.svg_.png","width":1200,"height":1437,"caption":"Olympique Saumur Football Club"},"image":{"@id":"https:\/\/olympiquesaumur.fr\/#\/schema\/logo\/image\/"}}]}},"_links":{"self":[{"href":"https:\/\/olympiquesaumur.fr\/index.php\/wp-json\/wp\/v2\/product\/1058","targetHints":{"allow":["GET"]}}],"collection":[{"href":"https:\/\/olympiquesaumur.fr\/index.php\/wp-json\/wp\/v2\/product"}],"about":[{"href":"https:\/\/olympiquesaumur.fr\/index.php\/wp-json\/wp\/v2\/types\/product"}],"wp:featuredmedia":[{"embeddable":true,"href":"https:\/\/olympiquesaumur.fr\/index.php\/wp-json\/wp\/v2\/media\/1071"}],"wp:attachment":[{"href":"https:\/\/olympiquesaumur.fr\/index.php\/wp-json\/wp\/v2\/media?parent=1058"}],"wp:term":[{"taxonomy":"product_cat","embeddable":true,"href":"https:\/\/olympiquesaumur.fr\/index.php\/wp-json\/wp\/v2\/product_cat?post=1058"},{"taxonomy":"product_tag","embeddable":true,"href":"https:\/\/olympiquesaumur.fr\/index.php\/wp-json\/wp\/v2\/product_tag?post=1058"}],"curies":[{"name":"wp","href":"https:\/\/api.w.org\/{rel}","templated":true}]}}