{"id":3,"date":"2024-02-07T17:58:28","date_gmt":"2024-02-07T16:58:28","guid":{"rendered":"http:\/\/lxkduhl.cluster030.hosting.ovh.net\/?page_id=3"},"modified":"2024-06-28T12:40:05","modified_gmt":"2024-06-28T10:40:05","slug":"mentions-legales","status":"publish","type":"page","link":"https:\/\/olympiquesaumur.fr\/index.php\/mentions-legales\/","title":{"rendered":"Mentions L\u00e9gales"},"content":{"rendered":"\t\t<div data-elementor-type=\"wp-page\" data-elementor-id=\"3\" class=\"elementor elementor-3\">\n\t\t\t\t<div class=\"elementor-element elementor-element-44887e88 e-flex e-con-boxed wpr-particle-no wpr-jarallax-no wpr-parallax-no wpr-sticky-section-no e-con e-parent\" data-id=\"44887e88\" data-element_type=\"container\" data-settings=\"{&quot;container_type&quot;:&quot;flex&quot;,&quot;content_width&quot;:&quot;boxed&quot;}\" data-core-v316-plus=\"true\">\n\t\t\t\t\t<div class=\"e-con-inner\">\n\t\t\t\t<div class=\"elementor-element elementor-element-494439d2 elementor-widget elementor-widget-text-editor\" data-id=\"494439d2\" data-element_type=\"widget\" data-widget_type=\"text-editor.default\">\n\t\t\t\t<div class=\"elementor-widget-container\">\n\t\t\t<style>\/*! elementor - v3.19.0 - 28-02-2024 *\/\n.elementor-widget-text-editor.elementor-drop-cap-view-stacked .elementor-drop-cap{background-color:#69727d;color:#fff}.elementor-widget-text-editor.elementor-drop-cap-view-framed .elementor-drop-cap{color:#69727d;border:3px solid;background-color:transparent}.elementor-widget-text-editor:not(.elementor-drop-cap-view-default) .elementor-drop-cap{margin-top:8px}.elementor-widget-text-editor:not(.elementor-drop-cap-view-default) .elementor-drop-cap-letter{width:1em;height:1em}.elementor-widget-text-editor .elementor-drop-cap{float:left;text-align:center;line-height:1;font-size:50px}.elementor-widget-text-editor .elementor-drop-cap-letter{display:inline-block}<\/style>\t\t\t\t<p><!-- wp:heading --><\/p>\n<h2><span id=\"lwptoc20\">1 &#8211; \u00c9dition du site<\/span><\/h2>\n<p>En vertu de&nbsp;<a href=\"https:\/\/www.legifrance.gouv.fr\/affichTexte.do?cidTexte=JORFTEXT000000801164#LEGIARTI000042038977\" target=\"_blank\" rel=\"noreferrer noopener\">l&rsquo;article 6 de la loi n\u00b0 2004-575 du 21 juin 2004<\/a>&nbsp;pour la confiance dans l&rsquo;\u00e9conomie num\u00e9rique, il est pr\u00e9cis\u00e9 aux utilisateurs du site internet&nbsp;<strong><span class=\"ff_dynamic_value\" data-ref=\"url\" data-fallback=\"\">https:\/\/www.olympiquesaumur.fr<\/span><\/strong>&nbsp;l&rsquo;identit\u00e9 des diff\u00e9rents intervenants dans le cadre de sa r\u00e9alisation et de son suivi:<\/p>\n<p><strong>Propri\u00e9taire du site :&nbsp;<\/strong><span class=\"ff_dynamic_value\" data-ref=\"nom_proprietaire\" data-fallback=\"\">Olympique Saumur Football Club : Association d\u00e9clar\u00e9e<\/span>&nbsp;&#8211; Contact :&nbsp;<span class=\"ff_dynamic_value\" data-ref=\"e_mail_contact\" data-fallback=\"\">contact@olympiquesaumur.fr<\/span>&nbsp;&#8211; Adresse :&nbsp;<span class=\"ff_dynamic_value\" data-ref=\"adresse_postale\" data-fallback=\"\">Olympique Saumur FC Stade des Rives du Thouet Boulevard de la Marne 49400 SAUMUR<\/span>.<\/p>\n<p><strong>Identification de l&rsquo;entreprise :<\/strong>&nbsp;<span class=\"ff_dynamic_value\" data-ref=\"forme_juridique\" data-fallback=\"\">Association d\u00e9clar\u00e9e<\/span>&nbsp;<span class=\"ff_dynamic_value\" data-ref=\"nom_proprietaire\" data-fallback=\"\">Olympique Saumur Football Club : Association d\u00e9clar\u00e9e<\/span>&nbsp;au capital social de&nbsp;\u20ac &#8211; SIREN :&nbsp;<span class=\"ff_dynamic_value\" data-ref=\"siren\" data-fallback=\"\">432851269<\/span>&nbsp;&#8211; RCS ou RM :&nbsp;&#8211; Adresse postale :&nbsp;<span class=\"ff_dynamic_value\" data-ref=\"adresse_postale\" data-fallback=\"\">Olympique Saumur FC Stade des Rives du Thouet Boulevard de la Marne 49400 SAUMUR<\/span>&nbsp;&#8211;&nbsp;[Consignes : ajoutez ici le lien hypertexte vers la page de vos conditions g\u00e9n\u00e9rales de vente si vous en avez une]<\/p>\n<p><strong>Directeur de la publication :&nbsp;<\/strong><span class=\"ff_dynamic_value\" data-ref=\"directeur_publication\" data-fallback=\"\">St\u00e9phane MONTANIER<\/span>&nbsp;&#8211; Contact :&nbsp;<span class=\"ff_dynamic_value\" data-ref=\"contact_directeur\" data-fallback=\"\">president@olympiquesaumur.fr<\/span>.<\/p>\n<p><strong>H\u00e9bergeur :<\/strong>&nbsp;<span class=\"ff_dynamic_value\" data-ref=\"hebergeur\" data-fallback=\"\">OVH SAS &#8211; 2 rue Kellermann &#8211; BP 80157 &#8211; 59053 Roubaix Cedex 1 &#8211; T\u00e9l\u00e9phone : 1007<\/span><\/p>\n<p><strong>D\u00e9l\u00e9gu\u00e9 \u00e0 la protection des donn\u00e9es :&nbsp;<\/strong><span class=\"ff_dynamic_value\" data-ref=\"dpo\" data-fallback=\"\">St\u00e9phane MONTANIER<\/span>&nbsp;&#8211;&nbsp;<span class=\"ff_dynamic_value\" data-ref=\"contact_dpo\" data-fallback=\"\">president@olympiquesaumur.fr<\/span><\/p>\n<p><strong>Autres contributeurs : <\/strong>Photos &#8211; Angibaud Saumur<\/p>\n<hr class=\"wp-block-separator\">\n<h2><span id=\"lwptoc21\">2 &#8211; Propri\u00e9t\u00e9 intellectuelle et contrefa\u00e7ons.<\/span><\/h2>\n<p><strong><span class=\"ff_dynamic_value\" data-ref=\"nom_proprietaire\" data-fallback=\"\">Olympique Saumur Football Club : Association d\u00e9clar\u00e9e<\/span><\/strong>&nbsp;est propri\u00e9taire des droits de propri\u00e9t\u00e9 intellectuelle et d\u00e9tient les droits d\u2019usage sur tous les \u00e9l\u00e9ments accessibles sur le site internet, notamment les textes, images, graphismes, logos, vid\u00e9os, architecture, ic\u00f4nes et sons.<\/p>\n<p>Toute reproduction, repr\u00e9sentation, modification, publication, adaptation de tout ou partie des \u00e9l\u00e9ments du site, quel que soit le moyen ou le proc\u00e9d\u00e9 utilis\u00e9, est interdite, sauf autorisation \u00e9crite pr\u00e9alable de&nbsp;<strong><span class=\"ff_dynamic_value\" data-ref=\"nom_proprietaire\" data-fallback=\"\">Olympique Saumur Football Club : Association d\u00e9clar\u00e9e<\/span><\/strong>.<\/p>\n<p>Toute exploitation non autoris\u00e9e du site ou de l\u2019un quelconque des \u00e9l\u00e9ments qu\u2019il contient sera consid\u00e9r\u00e9e comme constitutive d\u2019une contrefa\u00e7on et poursuivie conform\u00e9ment aux dispositions des articles&nbsp;<a href=\"https:\/\/www.legifrance.gouv.fr\/affichCodeArticle.do?idArticle=LEGIARTI000032655082&amp;cidTexte=LEGITEXT000006069414&amp;dateTexte=20160605\" target=\"_blank\" rel=\"noreferrer nofollow noopener\">L.335-2 et suivants du Code de Propri\u00e9t\u00e9 Intellectuelle<\/a>.<\/p>\n<hr class=\"wp-block-separator\">\n<h2><span id=\"lwptoc22\">3 &#8211; Limitations de responsabilit\u00e9.<\/span><\/h2>\n<p><strong><span class=\"ff_dynamic_value\" data-ref=\"nom_proprietaire\" data-fallback=\"\">Olympique Saumur Football Club : Association d\u00e9clar\u00e9e<\/span><\/strong>&nbsp;ne pourra \u00eatre tenu pour responsable des dommages directs et indirects caus\u00e9s au mat\u00e9riel de l\u2019utilisateur, lors de l\u2019acc\u00e8s au site&nbsp;<strong><span class=\"ff_dynamic_value\" data-ref=\"url\" data-fallback=\"\">https:\/\/www.olympiquesaumur.fr<\/span><\/strong>.<\/p>\n<p><strong><span class=\"ff_dynamic_value\" data-ref=\"nom_proprietaire\" data-fallback=\"\">Olympique Saumur Football Club : Association d\u00e9clar\u00e9e<\/span><\/strong>&nbsp;d\u00e9cline toute responsabilit\u00e9 quant \u00e0 l\u2019utilisation qui pourrait \u00eatre faite des informations et contenus pr\u00e9sents sur&nbsp;<strong><span class=\"ff_dynamic_value\" data-ref=\"url\" data-fallback=\"\">https:\/\/www.olympiquesaumur.fr<\/span><\/strong>.<\/p>\n<p><strong><span class=\"ff_dynamic_value\" data-ref=\"nom_proprietaire\" data-fallback=\"\">Olympique Saumur Football Club : Association d\u00e9clar\u00e9e<\/span><\/strong>&nbsp;s\u2019engage \u00e0 s\u00e9curiser au mieux le site&nbsp;<strong><span class=\"ff_dynamic_value\" data-ref=\"url\" data-fallback=\"\">https:\/\/www.olympiquesaumur.fr<\/span><\/strong>, cependant sa responsabilit\u00e9 ne pourra \u00eatre mise en cause si des donn\u00e9es ind\u00e9sirables sont import\u00e9es et install\u00e9es sur son site \u00e0 son insu.<\/p>\n<p>Des espaces interactifs (espace contact ou commentaires) sont \u00e0 la disposition des utilisateurs.&nbsp;<strong><span class=\"ff_dynamic_value\" data-ref=\"nom_proprietaire\" data-fallback=\"\">Olympique Saumur Football Club : Association d\u00e9clar\u00e9e<\/span><\/strong>&nbsp;se r\u00e9serve le droit de supprimer, sans mise en demeure pr\u00e9alable, tout contenu d\u00e9pos\u00e9 dans cet espace qui contreviendrait \u00e0 la l\u00e9gislation applicable en France, en particulier aux dispositions relatives \u00e0 la protection des donn\u00e9es.<\/p>\n<p>Le cas \u00e9ch\u00e9ant,&nbsp;<strong><span class=\"ff_dynamic_value\" data-ref=\"nom_proprietaire\" data-fallback=\"\">Olympique Saumur Football Club : Association d\u00e9clar\u00e9e<\/span><\/strong>&nbsp;se r\u00e9serve \u00e9galement la possibilit\u00e9 de mettre en cause la responsabilit\u00e9 civile et\/ou p\u00e9nale de l\u2019utilisateur, notamment en cas de message \u00e0 caract\u00e8re raciste, injurieux, diffamant, ou pornographique, quel que soit le support utilis\u00e9 (texte, photographie \u2026).<\/p>\n<hr class=\"wp-block-separator\">\n<h2><span id=\"lwptoc23\">4 &#8211; CNIL et gestion des donn\u00e9es personnelles.<\/span><\/h2>\n<p>Conform\u00e9ment aux dispositions de&nbsp;<a href=\"https:\/\/www.legifrance.gouv.fr\/affichTexte.do?cidTexte=JORFTEXT000000886460\" target=\"_blank\" rel=\"noreferrer nofollow noopener\">la loi 78-17 du 6 janvier 1978 modifi\u00e9e<\/a>, l\u2019utilisateur du site&nbsp;<strong><span class=\"ff_dynamic_value\" data-ref=\"url\" data-fallback=\"\">https:\/\/www.olympiquesaumur.fr<\/span><\/strong>&nbsp;dispose d\u2019un droit d\u2019acc\u00e8s, de modification et de suppression des informations collect\u00e9es. Pour exercer ce droit, envoyez un message \u00e0 notre D\u00e9l\u00e9gu\u00e9 \u00e0 la Protection des Donn\u00e9es :&nbsp;<strong><span class=\"ff_dynamic_value\" data-ref=\"dpo\" data-fallback=\"\">St\u00e9phane MONTANIER<\/span><\/strong>&nbsp;&#8211;&nbsp;<strong><span class=\"ff_dynamic_value\" data-ref=\"contact_dpo\" data-fallback=\"\">president@olympiquesaumur.fr<\/span><\/strong>.<\/p>\n<p>Pour plus d&rsquo;informations sur la fa\u00e7on dont nous traitons vos donn\u00e9es (type de donn\u00e9es, finalit\u00e9, destinataire&#8230;), lisez notre&nbsp;<a href=\"https:\/\/www.olympiquesaumur.fr\/index.php\/politique-de-confidentialite\/\" target=\"_blank\">politique de confidentialit\u00e9<\/a>.&nbsp;<\/p>\n<hr class=\"wp-block-separator\">\n<h2><span id=\"lwptoc24\">5 &#8211; Liens hypertextes et cookies<\/span><\/h2>\n<p>Le site&nbsp;<strong><span class=\"ff_dynamic_value\" data-ref=\"url\" data-fallback=\"\">https:\/\/www.olympiquesaumur.fr<\/span><\/strong>&nbsp;contient des liens hypertextes vers d\u2019autres sites et d\u00e9gage toute responsabilit\u00e9 \u00e0 propos de ces liens externes ou des liens cr\u00e9\u00e9s par d\u2019autres sites vers&nbsp;<strong><span class=\"ff_dynamic_value\" data-ref=\"url\" data-fallback=\"\">https:\/\/www.olympiquesaumur.fr<\/span><\/strong>.<\/p>\n<p>La navigation sur le site&nbsp;<strong><span class=\"ff_dynamic_value\" data-ref=\"url\" data-fallback=\"\">https:\/\/www.olympiquesaumur.fr<\/span><\/strong>&nbsp;est susceptible de provoquer l\u2019installation de cookie(s) sur l\u2019ordinateur de l\u2019utilisateur.<\/p>\n<p>Un \u00ab\u00a0cookie\u00a0\u00bb est un fichier de petite taille qui enregistre des informations relatives \u00e0 la navigation d\u2019un utilisateur sur un site. Les donn\u00e9es ainsi obtenues permettent d&rsquo;obtenir des mesures de fr\u00e9quentation, par exemple.<\/p>\n<p>Vous avez la possibilit\u00e9&nbsp;<strong>d\u2019accepter ou de refuser les cookies<\/strong>&nbsp;en modifiant les param\u00e8tres de votre navigateur. Aucun cookie ne sera d\u00e9pos\u00e9 sans votre consentement.<\/p>\n<p>Les cookies sont enregistr\u00e9s pour une dur\u00e9e maximale de&nbsp;<span class=\"ff_dynamic_value\" data-ref=\"cookies\" data-fallback=\"\">13<\/span>&nbsp;mois.<\/p>\n<p>Pour plus d&rsquo;informations sur la fa\u00e7on dont nous faisons usage des cookies, lisez notre&nbsp;<a href=\"https:\/\/www.olympiquesaumur.fr\/index.php\/politique-de-confidentialite\/\" target=\"_blank\">politique de confidentialit\u00e9<\/a>.<\/p>\n<hr class=\"wp-block-separator\">\n<h2><span id=\"lwptoc25\">6 &#8211; Droit applicable et attribution de juridiction.<\/span><\/h2>\n<p>Tout litige en relation avec l\u2019utilisation du site&nbsp;<strong><span class=\"ff_dynamic_value\" data-ref=\"url\" data-fallback=\"\">https:\/\/www.olympiquesaumur.fr<\/span><\/strong>&nbsp;est soumis au droit fran\u00e7ais. En dehors des cas o\u00f9 la loi ne le permet pas, il est fait attribution exclusive de juridiction aux tribunaux comp\u00e9tents de&nbsp;<strong><span class=\"ff_dynamic_value\" data-ref=\"ville_du_tribunal\" data-fallback=\"\">Saumur<\/span><\/strong>.<\/p>\n<p><!-- \/wp:paragraph --><\/p>\t\t\t\t\t\t<\/div>\n\t\t\t\t<\/div>\n\t\t\t\t\t<\/div>\n\t\t\t\t<\/div>\n\t\t\t\t<\/div>\n\t\t","protected":false},"excerpt":{"rendered":"<p>1 &#8211; \u00c9dition du site En vertu de&nbsp;l&rsquo;article 6 de la loi n\u00b0 2004-575 du 21 juin 2004&nbsp;pour la confiance dans l&rsquo;\u00e9conomie num\u00e9rique, il est pr\u00e9cis\u00e9 aux utilisateurs du site internet&nbsp;https:\/\/www.olympiquesaumur.fr&nbsp;l&rsquo;identit\u00e9 des diff\u00e9rents intervenants dans le cadre de sa r\u00e9alisation et de son suivi: Propri\u00e9taire du site :&nbsp;Olympique Saumur Football Club : Association d\u00e9clar\u00e9e&nbsp;&#8211; Contact&#8230;<\/p>\n","protected":false},"author":1,"featured_media":0,"parent":0,"menu_order":0,"comment_status":"closed","ping_status":"closed","template":"","meta":{"om_disable_all_campaigns":false,"_monsterinsights_skip_tracking":false,"_monsterinsights_sitenote_active":false,"_monsterinsights_sitenote_note":"","_monsterinsights_sitenote_category":0,"_kadence_starter_templates_imported_post":false,"_kad_post_transparent":"","_kad_post_title":"","_kad_post_layout":"","_kad_post_sidebar_id":"","_kad_post_content_style":"","_kad_post_vertical_padding":"","_kad_post_feature":"","_kad_post_feature_position":"","_kad_post_header":false,"_kad_post_footer":false,"footnotes":""},"class_list":["post-3","page","type-page","status-publish","hentry"],"yoast_head":"<!-- This site is optimized with the Yoast SEO plugin v22.2 - https:\/\/yoast.com\/wordpress\/plugins\/seo\/ -->\n<title>Mentions L\u00e9gales - Olympique Saumur<\/title>\n<meta name=\"robots\" content=\"index, follow, max-snippet:-1, max-image-preview:large, max-video-preview:-1\" \/>\n<link rel=\"canonical\" href=\"https:\/\/olympiquesaumur.fr\/index.php\/mentions-legales\/\" \/>\n<meta property=\"og:locale\" content=\"fr_FR\" \/>\n<meta property=\"og:type\" content=\"article\" \/>\n<meta property=\"og:title\" content=\"Mentions L\u00e9gales - Olympique Saumur\" \/>\n<meta property=\"og:description\" content=\"1 &#8211; \u00c9dition du site En vertu de&nbsp;l&rsquo;article 6 de la loi n\u00b0 2004-575 du 21 juin 2004&nbsp;pour la confiance dans l&rsquo;\u00e9conomie num\u00e9rique, il est pr\u00e9cis\u00e9 aux utilisateurs du site internet&nbsp;https:\/\/www.olympiquesaumur.fr&nbsp;l&rsquo;identit\u00e9 des diff\u00e9rents intervenants dans le cadre de sa r\u00e9alisation et de son suivi: Propri\u00e9taire du site :&nbsp;Olympique Saumur Football Club : Association d\u00e9clar\u00e9e&nbsp;&#8211; Contact...\" \/>\n<meta property=\"og:url\" content=\"https:\/\/olympiquesaumur.fr\/index.php\/mentions-legales\/\" \/>\n<meta property=\"og:site_name\" content=\"Olympique Saumur\" \/>\n<meta property=\"article:modified_time\" content=\"2024-06-28T10:40:05+00:00\" \/>\n<meta property=\"og:image\" content=\"https:\/\/olympiquesaumur.fr\/wp-content\/uploads\/2024\/03\/Logo_Olympique_Saumur.svg_.png\" \/>\n\t<meta property=\"og:image:width\" content=\"1200\" \/>\n\t<meta property=\"og:image:height\" content=\"1437\" \/>\n\t<meta property=\"og:image:type\" content=\"image\/png\" \/>\n<meta name=\"twitter:card\" content=\"summary_large_image\" \/>\n<meta name=\"twitter:label1\" content=\"Dur\u00e9e de lecture estim\u00e9e\" \/>\n\t<meta name=\"twitter:data1\" content=\"4 minutes\" \/>\n<script type=\"application\/ld+json\" class=\"yoast-schema-graph\">{\"@context\":\"https:\/\/schema.org\",\"@graph\":[{\"@type\":\"WebPage\",\"@id\":\"https:\/\/olympiquesaumur.fr\/index.php\/mentions-legales\/\",\"url\":\"https:\/\/olympiquesaumur.fr\/index.php\/mentions-legales\/\",\"name\":\"Mentions L\u00e9gales - Olympique Saumur\",\"isPartOf\":{\"@id\":\"https:\/\/olympiquesaumur.fr\/#website\"},\"datePublished\":\"2024-02-07T16:58:28+00:00\",\"dateModified\":\"2024-06-28T10:40:05+00:00\",\"breadcrumb\":{\"@id\":\"https:\/\/olympiquesaumur.fr\/index.php\/mentions-legales\/#breadcrumb\"},\"inLanguage\":\"fr-FR\",\"potentialAction\":[{\"@type\":\"ReadAction\",\"target\":[\"https:\/\/olympiquesaumur.fr\/index.php\/mentions-legales\/\"]}]},{\"@type\":\"BreadcrumbList\",\"@id\":\"https:\/\/olympiquesaumur.fr\/index.php\/mentions-legales\/#breadcrumb\",\"itemListElement\":[{\"@type\":\"ListItem\",\"position\":1,\"name\":\"Accueil\",\"item\":\"https:\/\/olympiquesaumur.fr\/\"},{\"@type\":\"ListItem\",\"position\":2,\"name\":\"Mentions L\u00e9gales\"}]},{\"@type\":\"WebSite\",\"@id\":\"https:\/\/olympiquesaumur.fr\/#website\",\"url\":\"https:\/\/olympiquesaumur.fr\/\",\"name\":\"Olympique Saumur Football Club\",\"description\":\"#PARCEQUESAUMUR\",\"publisher\":{\"@id\":\"https:\/\/olympiquesaumur.fr\/#organization\"},\"alternateName\":\"OSFC\",\"potentialAction\":[{\"@type\":\"SearchAction\",\"target\":{\"@type\":\"EntryPoint\",\"urlTemplate\":\"https:\/\/olympiquesaumur.fr\/?s={search_term_string}\"},\"query-input\":\"required name=search_term_string\"}],\"inLanguage\":\"fr-FR\"},{\"@type\":\"Organization\",\"@id\":\"https:\/\/olympiquesaumur.fr\/#organization\",\"name\":\"Olympique Saumur Football Club\",\"alternateName\":\"OSFC\",\"url\":\"https:\/\/olympiquesaumur.fr\/\",\"logo\":{\"@type\":\"ImageObject\",\"inLanguage\":\"fr-FR\",\"@id\":\"https:\/\/olympiquesaumur.fr\/#\/schema\/logo\/image\/\",\"url\":\"https:\/\/olympiquesaumur.fr\/wp-content\/uploads\/2024\/03\/Logo_Olympique_Saumur.svg_.png\",\"contentUrl\":\"https:\/\/olympiquesaumur.fr\/wp-content\/uploads\/2024\/03\/Logo_Olympique_Saumur.svg_.png\",\"width\":1200,\"height\":1437,\"caption\":\"Olympique Saumur Football Club\"},\"image\":{\"@id\":\"https:\/\/olympiquesaumur.fr\/#\/schema\/logo\/image\/\"}}]}<\/script>\n<!-- \/ Yoast SEO plugin. -->","yoast_head_json":{"title":"Mentions L\u00e9gales - Olympique Saumur","robots":{"index":"index","follow":"follow","max-snippet":"max-snippet:-1","max-image-preview":"max-image-preview:large","max-video-preview":"max-video-preview:-1"},"canonical":"https:\/\/olympiquesaumur.fr\/index.php\/mentions-legales\/","og_locale":"fr_FR","og_type":"article","og_title":"Mentions L\u00e9gales - Olympique Saumur","og_description":"1 &#8211; \u00c9dition du site En vertu de&nbsp;l&rsquo;article 6 de la loi n\u00b0 2004-575 du 21 juin 2004&nbsp;pour la confiance dans l&rsquo;\u00e9conomie num\u00e9rique, il est pr\u00e9cis\u00e9 aux utilisateurs du site internet&nbsp;https:\/\/www.olympiquesaumur.fr&nbsp;l&rsquo;identit\u00e9 des diff\u00e9rents intervenants dans le cadre de sa r\u00e9alisation et de son suivi: Propri\u00e9taire du site :&nbsp;Olympique Saumur Football Club : Association d\u00e9clar\u00e9e&nbsp;&#8211; Contact...","og_url":"https:\/\/olympiquesaumur.fr\/index.php\/mentions-legales\/","og_site_name":"Olympique Saumur","article_modified_time":"2024-06-28T10:40:05+00:00","og_image":[{"width":1200,"height":1437,"url":"https:\/\/olympiquesaumur.fr\/wp-content\/uploads\/2024\/03\/Logo_Olympique_Saumur.svg_.png","type":"image\/png"}],"twitter_card":"summary_large_image","twitter_misc":{"Dur\u00e9e de lecture estim\u00e9e":"4 minutes"},"schema":{"@context":"https:\/\/schema.org","@graph":[{"@type":"WebPage","@id":"https:\/\/olympiquesaumur.fr\/index.php\/mentions-legales\/","url":"https:\/\/olympiquesaumur.fr\/index.php\/mentions-legales\/","name":"Mentions L\u00e9gales - Olympique Saumur","isPartOf":{"@id":"https:\/\/olympiquesaumur.fr\/#website"},"datePublished":"2024-02-07T16:58:28+00:00","dateModified":"2024-06-28T10:40:05+00:00","breadcrumb":{"@id":"https:\/\/olympiquesaumur.fr\/index.php\/mentions-legales\/#breadcrumb"},"inLanguage":"fr-FR","potentialAction":[{"@type":"ReadAction","target":["https:\/\/olympiquesaumur.fr\/index.php\/mentions-legales\/"]}]},{"@type":"BreadcrumbList","@id":"https:\/\/olympiquesaumur.fr\/index.php\/mentions-legales\/#breadcrumb","itemListElement":[{"@type":"ListItem","position":1,"name":"Accueil","item":"https:\/\/olympiquesaumur.fr\/"},{"@type":"ListItem","position":2,"name":"Mentions L\u00e9gales"}]},{"@type":"WebSite","@id":"https:\/\/olympiquesaumur.fr\/#website","url":"https:\/\/olympiquesaumur.fr\/","name":"Olympique Saumur Football Club","description":"#PARCEQUESAUMUR","publisher":{"@id":"https:\/\/olympiquesaumur.fr\/#organization"},"alternateName":"OSFC","potentialAction":[{"@type":"SearchAction","target":{"@type":"EntryPoint","urlTemplate":"https:\/\/olympiquesaumur.fr\/?s={search_term_string}"},"query-input":"required name=search_term_string"}],"inLanguage":"fr-FR"},{"@type":"Organization","@id":"https:\/\/olympiquesaumur.fr\/#organization","name":"Olympique Saumur Football Club","alternateName":"OSFC","url":"https:\/\/olympiquesaumur.fr\/","logo":{"@type":"ImageObject","inLanguage":"fr-FR","@id":"https:\/\/olympiquesaumur.fr\/#\/schema\/logo\/image\/","url":"https:\/\/olympiquesaumur.fr\/wp-content\/uploads\/2024\/03\/Logo_Olympique_Saumur.svg_.png","contentUrl":"https:\/\/olympiquesaumur.fr\/wp-content\/uploads\/2024\/03\/Logo_Olympique_Saumur.svg_.png","width":1200,"height":1437,"caption":"Olympique Saumur Football Club"},"image":{"@id":"https:\/\/olympiquesaumur.fr\/#\/schema\/logo\/image\/"}}]}},"_links":{"self":[{"href":"https:\/\/olympiquesaumur.fr\/index.php\/wp-json\/wp\/v2\/pages\/3","targetHints":{"allow":["GET"]}}],"collection":[{"href":"https:\/\/olympiquesaumur.fr\/index.php\/wp-json\/wp\/v2\/pages"}],"about":[{"href":"https:\/\/olympiquesaumur.fr\/index.php\/wp-json\/wp\/v2\/types\/page"}],"author":[{"embeddable":true,"href":"https:\/\/olympiquesaumur.fr\/index.php\/wp-json\/wp\/v2\/users\/1"}],"replies":[{"embeddable":true,"href":"https:\/\/olympiquesaumur.fr\/index.php\/wp-json\/wp\/v2\/comments?post=3"}],"version-history":[{"count":5,"href":"https:\/\/olympiquesaumur.fr\/index.php\/wp-json\/wp\/v2\/pages\/3\/revisions"}],"predecessor-version":[{"id":2128,"href":"https:\/\/olympiquesaumur.fr\/index.php\/wp-json\/wp\/v2\/pages\/3\/revisions\/2128"}],"wp:attachment":[{"href":"https:\/\/olympiquesaumur.fr\/index.php\/wp-json\/wp\/v2\/media?parent=3"}],"curies":[{"name":"wp","href":"https:\/\/api.w.org\/{rel}","templated":true}]}}